{"id":132,"date":"2023-05-08T08:16:26","date_gmt":"2023-05-08T08:16:26","guid":{"rendered":"https:\/\/emaus-trogir.hr\/hrv\/?page_id=132"},"modified":"2023-05-19T12:10:36","modified_gmt":"2023-05-19T12:10:36","slug":"o-meni","status":"publish","type":"page","link":"https:\/\/emaus-trogir.hr\/hrv\/o-meni\/","title":{"rendered":"O meni"},"content":{"rendered":"\t\t<div data-elementor-type=\"wp-page\" data-elementor-id=\"132\" class=\"elementor elementor-132\">\n\t\t\t\t\t\t\t\t\t<section class=\"elementor-section elementor-top-section elementor-element elementor-element-19de445 elementor-section-full_width elementor-section-height-default elementor-section-height-default\" data-id=\"19de445\" data-element_type=\"section\" data-settings=\"{&quot;background_background&quot;:&quot;classic&quot;}\">\n\t\t\t\t\t\t\t<div class=\"elementor-background-overlay\"><\/div>\n\t\t\t\t\t\t\t<div class=\"elementor-container elementor-column-gap-default\">\n\t\t\t\t\t<div class=\"elementor-column elementor-col-25 elementor-top-column elementor-element elementor-element-6d95d47\" data-id=\"6d95d47\" data-element_type=\"column\">\n\t\t\t<div class=\"elementor-widget-wrap\">\n\t\t\t\t\t\t\t\t\t<\/div>\n\t\t<\/div>\n\t\t\t\t<div class=\"elementor-column elementor-col-25 elementor-top-column elementor-element elementor-element-0e2d6cf\" data-id=\"0e2d6cf\" data-element_type=\"column\" data-settings=\"{&quot;background_background&quot;:&quot;classic&quot;}\">\n\t\t\t<div class=\"elementor-widget-wrap elementor-element-populated\">\n\t\t\t\t\t\t\t\t<div class=\"elementor-element elementor-element-2f066a6 elementor-hidden-desktop elementor-widget elementor-widget-image\" data-id=\"2f066a6\" data-element_type=\"widget\" data-widget_type=\"image.default\">\n\t\t\t\t<div class=\"elementor-widget-container\">\n\t\t\t<style>\/*! elementor - v3.13.2 - 11-05-2023 *\/\n.elementor-widget-image{text-align:center}.elementor-widget-image a{display:inline-block}.elementor-widget-image a img[src$=\".svg\"]{width:48px}.elementor-widget-image img{vertical-align:middle;display:inline-block}<\/style>\t\t\t\t\t\t\t\t\t\t\t\t<img loading=\"lazy\" decoding=\"async\" width=\"1707\" height=\"2560\" src=\"https:\/\/emaus-trogir.hr\/hrv\/wp-content\/uploads\/2023\/05\/IMG_6757-scaled.jpg\" class=\"attachment-full size-full wp-image-780\" alt=\"\" srcset=\"https:\/\/emaus-trogir.hr\/hrv\/wp-content\/uploads\/2023\/05\/IMG_6757-scaled.jpg 1707w, https:\/\/emaus-trogir.hr\/hrv\/wp-content\/uploads\/2023\/05\/IMG_6757-200x300.jpg 200w, https:\/\/emaus-trogir.hr\/hrv\/wp-content\/uploads\/2023\/05\/IMG_6757-683x1024.jpg 683w, https:\/\/emaus-trogir.hr\/hrv\/wp-content\/uploads\/2023\/05\/IMG_6757-768x1152.jpg 768w, https:\/\/emaus-trogir.hr\/hrv\/wp-content\/uploads\/2023\/05\/IMG_6757-1024x1536.jpg 1024w, https:\/\/emaus-trogir.hr\/hrv\/wp-content\/uploads\/2023\/05\/IMG_6757-1365x2048.jpg 1365w\" sizes=\"auto, (max-width: 1707px) 100vw, 1707px\" \/>\t\t\t\t\t\t\t\t\t\t\t\t\t\t\t<\/div>\n\t\t\t\t<\/div>\n\t\t\t\t<div class=\"elementor-element elementor-element-ce3c586 elementor-widget__width-initial elementor-widget elementor-widget-text-editor\" data-id=\"ce3c586\" data-element_type=\"widget\" data-widget_type=\"text-editor.default\">\n\t\t\t\t<div class=\"elementor-widget-container\">\n\t\t\t<style>\/*! elementor - v3.13.2 - 11-05-2023 *\/\n.elementor-widget-text-editor.elementor-drop-cap-view-stacked .elementor-drop-cap{background-color:#69727d;color:#fff}.elementor-widget-text-editor.elementor-drop-cap-view-framed .elementor-drop-cap{color:#69727d;border:3px solid;background-color:transparent}.elementor-widget-text-editor:not(.elementor-drop-cap-view-default) .elementor-drop-cap{margin-top:8px}.elementor-widget-text-editor:not(.elementor-drop-cap-view-default) .elementor-drop-cap-letter{width:1em;height:1em}.elementor-widget-text-editor .elementor-drop-cap{float:left;text-align:center;line-height:1;font-size:50px}.elementor-widget-text-editor .elementor-drop-cap-letter{display:inline-block}<\/style>\t\t\t\t<p>Pozdrav! Zovem se Sandra Vudri\u0107 i licencirani sam turisti\u010dki vodi\u010d koji stanuje u Trogiru!<\/p><p>Ro\u0111ena sam u Splitu, ali djetinjstvo sam provela u malenom selu Plano pokraj Trogira. Te dane smo provodili istra\u017euju\u0107i i igraju\u0107i se vani. Ve\u0107 kao mala djevoj\u010dica znala sam da volim jezike. Sjedila bih pokraj starijeg brata i sestre i u\u010dila engleski s njima i prije nego sam krenula u \u0161kolu.<\/p><p>Kada smo bili djeca, \u0161etali smo uskim uli\u010dicama Trogira, poznavali svaku ulicu i svaki ugao, tr\u010dali i skrivali se jedni od drugih nakon \u0161kole dok smo \u010dekali autobus. One su bile na\u0161a pozornica. A bila je to lijepa pozornica!<\/p><p>I osnovnu i srednju \u0161kolu sam zavr\u0161ila u Trogiru, a u srednjoj \u0161koli sam odlu\u010dila da \u017eelim studirati jezike. Engleski je bio moj prvi izbor, a talijanski je bio logi\u010dni drugi izbor jer sam ga u\u010dila u \u0161koli. U Trogir i njegovu kulturu sam se zaljubila dok sam poha\u0111ala srednju turisti\u010dku \u0161kolu.<\/p><p>Zahvaljuju\u0107i profesoru umjetnosti, koji je bio zaljubljen u povijest mog grada, odlu\u010dila sam da \u017eelim znati \u0161to je vi\u0161e mogu\u0107e o prekrasnoj umjetnosti i kulturi koju Trogir nudi.<\/p><p>Nakon \u0161to sam maturirala preselila sam u Zadar kako bih studirala engleski i talijanski jezik, ali u tom razdoblju sam \u017eeljela postati nastavnica. I ostvarila sam svoj san.<\/p><p>Nakon diplome sam se vratila ku\u0107i i dobila posao u malenoj osnovnoj \u0161koli blizu Trogira gdje radim i danas. U tom razdoblju sam se i preselila u Trogir.\u00a0<\/p><p>Predajem engleski u\u010denicima u dobi od 7 do 14 godina. Volim prenositi svoje znanje, pa sam nakon nekoliko godina rada u \u0161koli, opet po\u010dela razmi\u0161ljati o umjetnosti i povijesti Trogira te kako je prekrasan i jedinstven.<\/p><p>Stoga sam odlu\u010dila postati turisti\u010dki vodi\u010d. Mislim da upravo zato \u0161to sam nastavnica, imam unutarnji poriv prenositi svoje znanje, posebno o ne\u010dem \u0161to je tako lijepo kao Trogir.<\/p><p>Osim u rodnom gradu, nudim razglede Splita, Salone, \u0160ibenika i NP Krke. Svaki od ovih mjesta je jedinstveno \u010dudo prirode i umjetnosti koje samo \u010deka da ga ljudi vide. Ljepota privatnih razgleda je da nude fleksibilnost te mo\u017eete u\u017eivati bez razmi\u0161ljanja o drugim ljudima u grupi.<\/p><p>Ukoliko \u017eelite otkriti ljepotu Hrvatske uz vodstvo stru\u010dnog turisti\u010dkog vodi\u010da ili \u017eelite unaprijediti svoje jezi\u010dne vje\u0161tine engleskog jezika, slobodno me kontaktirajte. Veselim se suradnji i pru\u017eanju nezaboravnih iskustava.<\/p><p>Srda\u010dan pozdrav, Sandra Vudri\u0107<\/p>\t\t\t\t\t\t<\/div>\n\t\t\t\t<\/div>\n\t\t\t\t<div class=\"elementor-element elementor-element-fa95051 elementor-position-left elementor-widget__width-initial elementor-mobile-position-left elementor-widget-mobile__width-initial elementor-view-default elementor-vertical-align-top elementor-widget elementor-widget-icon-box\" data-id=\"fa95051\" data-element_type=\"widget\" data-widget_type=\"icon-box.default\">\n\t\t\t\t<div class=\"elementor-widget-container\">\n\t\t\t<link rel=\"stylesheet\" href=\"https:\/\/emaus-trogir.hr\/hrv\/wp-content\/plugins\/elementor\/assets\/css\/widget-icon-box.min.css\">\t\t<div class=\"elementor-icon-box-wrapper\">\n\t\t\t\t\t\t<div class=\"elementor-icon-box-icon\">\n\t\t\t\t<span class=\"elementor-icon elementor-animation-\" >\n\t\t\t\t<i aria-hidden=\"true\" class=\"fas fa-phone-square\"><\/i>\t\t\t\t<\/span>\n\t\t\t<\/div>\n\t\t\t\t\t\t<div class=\"elementor-icon-box-content\">\n\t\t\t\t<h3 class=\"elementor-icon-box-title\">\n\t\t\t\t\t<span  >\n\t\t\t\t\t\t+385 91 111 6565\t\t\t\t\t<\/span>\n\t\t\t\t<\/h3>\n\t\t\t\t\t\t\t<\/div>\n\t\t<\/div>\n\t\t\t\t<\/div>\n\t\t\t\t<\/div>\n\t\t\t\t<div class=\"elementor-element elementor-element-da5f1eb elementor-position-left elementor-widget__width-initial elementor-mobile-position-left elementor-view-default elementor-vertical-align-top elementor-widget elementor-widget-icon-box\" data-id=\"da5f1eb\" data-element_type=\"widget\" data-widget_type=\"icon-box.default\">\n\t\t\t\t<div class=\"elementor-widget-container\">\n\t\t\t\t\t<div class=\"elementor-icon-box-wrapper\">\n\t\t\t\t\t\t<div class=\"elementor-icon-box-icon\">\n\t\t\t\t<span class=\"elementor-icon elementor-animation-\" >\n\t\t\t\t<i aria-hidden=\"true\" class=\"fas fa-envelope\"><\/i>\t\t\t\t<\/span>\n\t\t\t<\/div>\n\t\t\t\t\t\t<div class=\"elementor-icon-box-content\">\n\t\t\t\t<h3 class=\"elementor-icon-box-title\">\n\t\t\t\t\t<span  >\n\t\t\t\t\t\tinfo@emaus-trogir.hr\t\t\t\t\t<\/span>\n\t\t\t\t<\/h3>\n\t\t\t\t\t\t\t<\/div>\n\t\t<\/div>\n\t\t\t\t<\/div>\n\t\t\t\t<\/div>\n\t\t\t\t\t<\/div>\n\t\t<\/div>\n\t\t\t\t<div class=\"elementor-column elementor-col-25 elementor-top-column elementor-element elementor-element-5b134a8\" data-id=\"5b134a8\" data-element_type=\"column\">\n\t\t\t<div class=\"elementor-widget-wrap\">\n\t\t\t\t\t\t\t\t\t<\/div>\n\t\t<\/div>\n\t\t\t\t<div class=\"elementor-column elementor-col-25 elementor-top-column elementor-element elementor-element-92e6518\" data-id=\"92e6518\" data-element_type=\"column\">\n\t\t\t<div class=\"elementor-widget-wrap\">\n\t\t\t\t\t\t\t\t\t<\/div>\n\t\t<\/div>\n\t\t\t\t\t\t\t<\/div>\n\t\t<\/section>\n\t\t\t\t\t\t\t<\/div>\n\t\t","protected":false},"excerpt":{"rendered":"<p>Pozdrav! Zovem se Sandra Vudri\u0107 i licencirani sam turisti\u010dki vodi\u010d koji stanuje u Trogiru! Ro\u0111ena sam u Splitu, ali djetinjstvo sam provela u malenom selu Plano pokraj Trogira. Te dane smo provodili istra\u017euju\u0107i i igraju\u0107i se vani. Ve\u0107 kao mala djevoj\u010dica znala sam da volim jezike. Sjedila bih pokraj starijeg brata i sestre i u\u010dila [&hellip;]<\/p>\n","protected":false},"author":1,"featured_media":0,"parent":0,"menu_order":0,"comment_status":"closed","ping_status":"closed","template":"elementor_header_footer","meta":{"om_disable_all_campaigns":false,"_monsterinsights_skip_tracking":false,"_monsterinsights_sitenote_active":false,"_monsterinsights_sitenote_note":"","_monsterinsights_sitenote_category":0,"footnotes":""},"class_list":["post-132","page","type-page","status-publish","hentry","entry"],"aioseo_notices":[],"_links":{"self":[{"href":"https:\/\/emaus-trogir.hr\/hrv\/wp-json\/wp\/v2\/pages\/132","targetHints":{"allow":["GET"]}}],"collection":[{"href":"https:\/\/emaus-trogir.hr\/hrv\/wp-json\/wp\/v2\/pages"}],"about":[{"href":"https:\/\/emaus-trogir.hr\/hrv\/wp-json\/wp\/v2\/types\/page"}],"author":[{"embeddable":true,"href":"https:\/\/emaus-trogir.hr\/hrv\/wp-json\/wp\/v2\/users\/1"}],"replies":[{"embeddable":true,"href":"https:\/\/emaus-trogir.hr\/hrv\/wp-json\/wp\/v2\/comments?post=132"}],"version-history":[{"count":19,"href":"https:\/\/emaus-trogir.hr\/hrv\/wp-json\/wp\/v2\/pages\/132\/revisions"}],"predecessor-version":[{"id":793,"href":"https:\/\/emaus-trogir.hr\/hrv\/wp-json\/wp\/v2\/pages\/132\/revisions\/793"}],"wp:attachment":[{"href":"https:\/\/emaus-trogir.hr\/hrv\/wp-json\/wp\/v2\/media?parent=132"}],"curies":[{"name":"wp","href":"https:\/\/api.w.org\/{rel}","templated":true}]}}