{"id":136,"date":"2023-05-08T08:16:26","date_gmt":"2023-05-08T08:16:26","guid":{"rendered":"https:\/\/emaus-trogir.hr\/hrv\/?page_id=136"},"modified":"2023-05-17T21:00:52","modified_gmt":"2023-05-17T21:00:52","slug":"prijava","status":"publish","type":"page","link":"https:\/\/emaus-trogir.hr\/hrv\/prijava\/","title":{"rendered":"Prijava"},"content":{"rendered":"\t\t<div data-elementor-type=\"wp-page\" data-elementor-id=\"136\" class=\"elementor elementor-136\">\n\t\t\t\t\t\t\t\t\t<section class=\"elementor-section elementor-top-section elementor-element elementor-element-a3941d8 elementor-section-full_width elementor-section-height-default elementor-section-height-default\" data-id=\"a3941d8\" data-element_type=\"section\" data-settings=\"{&quot;background_background&quot;:&quot;classic&quot;}\">\n\t\t\t\t\t\t\t<div class=\"elementor-background-overlay\"><\/div>\n\t\t\t\t\t\t\t<div class=\"elementor-container elementor-column-gap-default\">\n\t\t\t\t\t<div class=\"elementor-column elementor-col-25 elementor-top-column elementor-element elementor-element-90eb418\" data-id=\"90eb418\" data-element_type=\"column\">\n\t\t\t<div class=\"elementor-widget-wrap\">\n\t\t\t\t\t\t\t\t\t<\/div>\n\t\t<\/div>\n\t\t\t\t<div class=\"elementor-column elementor-col-25 elementor-top-column elementor-element elementor-element-5335487\" data-id=\"5335487\" data-element_type=\"column\" data-settings=\"{&quot;background_background&quot;:&quot;classic&quot;}\">\n\t\t\t<div class=\"elementor-widget-wrap elementor-element-populated\">\n\t\t\t\t\t\t\t\t<div class=\"elementor-element elementor-element-546f24a elementor-widget__width-initial elementor-widget elementor-widget-heading\" data-id=\"546f24a\" data-element_type=\"widget\" data-widget_type=\"heading.default\">\n\t\t\t\t<div class=\"elementor-widget-container\">\n\t\t\t<style>\/*! elementor - v3.13.2 - 11-05-2023 *\/\n.elementor-heading-title{padding:0;margin:0;line-height:1}.elementor-widget-heading .elementor-heading-title[class*=elementor-size-]>a{color:inherit;font-size:inherit;line-height:inherit}.elementor-widget-heading .elementor-heading-title.elementor-size-small{font-size:15px}.elementor-widget-heading .elementor-heading-title.elementor-size-medium{font-size:19px}.elementor-widget-heading .elementor-heading-title.elementor-size-large{font-size:29px}.elementor-widget-heading .elementor-heading-title.elementor-size-xl{font-size:39px}.elementor-widget-heading .elementor-heading-title.elementor-size-xxl{font-size:59px}<\/style><h2 class=\"elementor-heading-title elementor-size-default\">PRIJAVNICA ZA RAZGLEDE<\/h2>\t\t<\/div>\n\t\t\t\t<\/div>\n\t\t\t\t<div class=\"elementor-element elementor-element-7c3ef8f elementor-widget__width-initial elementor-widget-mobile__width-initial elementor-widget elementor-widget-wpforms\" data-id=\"7c3ef8f\" data-element_type=\"widget\" data-widget_type=\"wpforms.default\">\n\t\t\t\t<div class=\"elementor-widget-container\">\n\t\t\t<style id=\"wpforms-css-vars-root\">\n\t\t\t\t:root {\n\t\t\t\t\t--wpforms-field-border-radius: 3px;\n--wpforms-field-background-color: #ffffff;\n--wpforms-field-border-color: rgba( 0, 0, 0, 0.25 );\n--wpforms-field-text-color: rgba( 0, 0, 0, 0.7 );\n--wpforms-label-color: rgba( 0, 0, 0, 0.85 );\n--wpforms-label-sublabel-color: rgba( 0, 0, 0, 0.55 );\n--wpforms-label-error-color: #d63637;\n--wpforms-button-border-radius: 3px;\n--wpforms-button-background-color: #066aab;\n--wpforms-button-text-color: #ffffff;\n--wpforms-field-size-input-height: 43px;\n--wpforms-field-size-input-spacing: 15px;\n--wpforms-field-size-font-size: 16px;\n--wpforms-field-size-line-height: 19px;\n--wpforms-field-size-padding-h: 14px;\n--wpforms-field-size-checkbox-size: 16px;\n--wpforms-field-size-sublabel-spacing: 5px;\n--wpforms-field-size-icon-size: 1;\n--wpforms-label-size-font-size: 16px;\n--wpforms-label-size-line-height: 19px;\n--wpforms-label-size-sublabel-font-size: 14px;\n--wpforms-label-size-sublabel-line-height: 17px;\n--wpforms-button-size-font-size: 17px;\n--wpforms-button-size-height: 41px;\n--wpforms-button-size-padding-h: 15px;\n--wpforms-button-size-margin-top: 10px;\n\n\t\t\t\t}\n\t\t\t<\/style><div class=\"wpforms-container wpforms-container-full wpforms-render-modern\" id=\"wpforms-359\"><form id=\"wpforms-form-359\" class=\"wpforms-validate wpforms-form wpforms-ajax-form\" data-formid=\"359\" method=\"post\" enctype=\"multipart\/form-data\" action=\"\/hrv\/wp-json\/wp\/v2\/pages\/136\" data-token=\"65be132383b7a30f066af305cb45d1ff\"><noscript class=\"wpforms-error-noscript\">Please enable JavaScript in your browser to complete this form.<\/noscript><div class=\"wpforms-hidden\" id=\"wpforms-error-noscript\">Please enable JavaScript in your browser to complete this form.<\/div><div class=\"wpforms-field-container\"><div id=\"wpforms-359-field_2-container\" class=\"wpforms-field wpforms-field-text\" data-field-id=\"2\"><label class=\"wpforms-field-label\" for=\"wpforms-359-field_2\">Ime i prezime <span class=\"wpforms-required-label\" aria-hidden=\"true\">*<\/span><\/label><input type=\"text\" id=\"wpforms-359-field_2\" class=\"wpforms-field-medium wpforms-field-required\" name=\"wpforms[fields][2]\" aria-errormessage=\"wpforms-359-field_2-error\" required><\/div><div id=\"wpforms-359-field_8-container\" class=\"wpforms-field wpforms-field-text\" data-field-id=\"8\"><label class=\"wpforms-field-label\" for=\"wpforms-359-field_8\">Broj mobitela <span class=\"wpforms-required-label\" aria-hidden=\"true\">*<\/span><\/label><input type=\"text\" id=\"wpforms-359-field_8\" class=\"wpforms-field-medium wpforms-field-required\" name=\"wpforms[fields][8]\" aria-errormessage=\"wpforms-359-field_8-error\" required><\/div><div id=\"wpforms-359-field_4-container\" class=\"wpforms-field wpforms-field-email\" data-field-id=\"4\"><label class=\"wpforms-field-label\" for=\"wpforms-359-field_4\">e-mail <span class=\"wpforms-required-label\" aria-hidden=\"true\">*<\/span><\/label><input type=\"email\" id=\"wpforms-359-field_4\" class=\"wpforms-field-medium wpforms-field-required\" name=\"wpforms[fields][4]\" spellcheck=\"false\" aria-errormessage=\"wpforms-359-field_4-error\" required><\/div><div id=\"wpforms-359-field_1-container\" class=\"wpforms-field wpforms-field-select wpforms-field-select-style-classic\" data-field-id=\"1\"><label class=\"wpforms-field-label\" for=\"wpforms-359-field_1\">Odaberi mjesto\/grad <span class=\"wpforms-required-label\" aria-hidden=\"true\">*<\/span><\/label><select id=\"wpforms-359-field_1\" class=\"wpforms-field-medium wpforms-field-required\" name=\"wpforms[fields][1]\" required=\"required\"><option value=\"Trogir\" >Trogir<\/option><option value=\"\u0160ibenik\" >\u0160ibenik<\/option><option value=\"Split\" >Split<\/option><option value=\"Salona\" >Salona<\/option><option value=\"Klis\" >Klis<\/option><\/select><\/div><div id=\"wpforms-359-field_5-container\" class=\"wpforms-field wpforms-field-number\" data-field-id=\"5\"><label class=\"wpforms-field-label\" for=\"wpforms-359-field_5\">Broj osoba <span class=\"wpforms-required-label\" aria-hidden=\"true\">*<\/span><\/label><input type=\"number\" pattern=\"\\d*\" id=\"wpforms-359-field_5\" class=\"wpforms-field-medium wpforms-field-required\" name=\"wpforms[fields][5]\" aria-errormessage=\"wpforms-359-field_5-error\" required><\/div><div id=\"wpforms-359-field_6-container\" class=\"wpforms-field wpforms-field-text\" data-field-id=\"6\"><label class=\"wpforms-field-label\" for=\"wpforms-359-field_6\">Datum i Vrijeme  <span class=\"wpforms-required-label\" aria-hidden=\"true\">*<\/span><\/label><input type=\"text\" id=\"wpforms-359-field_6\" class=\"wpforms-field-medium wpforms-field-required\" name=\"wpforms[fields][6]\" aria-errormessage=\"wpforms-359-field_6-error\" required><\/div><div id=\"wpforms-359-field_10-container\" class=\"wpforms-field wpforms-field-textarea\" data-field-id=\"10\"><label class=\"wpforms-field-label\" for=\"wpforms-359-field_10\">Poruka\/ Napomena<\/label><textarea id=\"wpforms-359-field_10\" class=\"wpforms-field-medium\" name=\"wpforms[fields][10]\" aria-errormessage=\"wpforms-359-field_10-error\" ><\/textarea><\/div><div id=\"wpforms-359-field_9-container\" class=\"wpforms-field wpforms-field-checkbox\" data-field-id=\"9\"><fieldset><legend class=\"wpforms-field-label\">Uvjeti kori\u0161tenja podataka <span class=\"wpforms-required-label\" aria-hidden=\"true\">*<\/span><\/legend><ul id=\"wpforms-359-field_9\" class=\"wpforms-field-required\"><li class=\"choice-1 depth-1 wpforms-selected\"><input type=\"checkbox\" id=\"wpforms-359-field_9_1\" name=\"wpforms[fields][9][]\" value=\"Prihva\u0107am uvjete kori\u0161tenja podataka\" aria-errormessage=\"wpforms-359-field_9_1-error\" required  checked='checked'><label class=\"wpforms-field-label-inline\" for=\"wpforms-359-field_9_1\">Prihva\u0107am uvjete kori\u0161tenja podataka<\/label><\/li><\/ul><\/fieldset><\/div><\/div><!-- .wpforms-field-container --><div class=\"wpforms-submit-container\" ><input type=\"hidden\" name=\"wpforms[id]\" value=\"359\"><input type=\"hidden\" name=\"wpforms[author]\" value=\"1\"><button type=\"submit\" name=\"wpforms[submit]\" id=\"wpforms-submit-359\" class=\"wpforms-submit\" data-alt-text=\"Sending...\" data-submit-text=\"PO\u0160ALJI PRIJAVNICU\" aria-live=\"assertive\" value=\"wpforms-submit\">PO\u0160ALJI PRIJAVNICU<\/button><img loading=\"lazy\" decoding=\"async\" src=\"https:\/\/emaus-trogir.hr\/hrv\/wp-content\/plugins\/wpforms-lite\/assets\/images\/submit-spin.svg\" class=\"wpforms-submit-spinner\" style=\"display: none;\" width=\"26\" height=\"26\" alt=\"Loading\"><\/div><\/form><\/div>  <!-- .wpforms-container -->\t\t<\/div>\n\t\t\t\t<\/div>\n\t\t\t\t\t<\/div>\n\t\t<\/div>\n\t\t\t\t<div class=\"elementor-column elementor-col-25 elementor-top-column elementor-element elementor-element-aa2a64b\" data-id=\"aa2a64b\" data-element_type=\"column\" data-settings=\"{&quot;background_background&quot;:&quot;classic&quot;}\">\n\t\t\t<div class=\"elementor-widget-wrap elementor-element-populated\">\n\t\t\t\t\t\t\t\t<div class=\"elementor-element elementor-element-0f5ecbd elementor-widget elementor-widget-text-editor\" data-id=\"0f5ecbd\" data-element_type=\"widget\" data-widget_type=\"text-editor.default\">\n\t\t\t\t<div class=\"elementor-widget-container\">\n\t\t\t<style>\/*! elementor - v3.13.2 - 11-05-2023 *\/\n.elementor-widget-text-editor.elementor-drop-cap-view-stacked .elementor-drop-cap{background-color:#69727d;color:#fff}.elementor-widget-text-editor.elementor-drop-cap-view-framed .elementor-drop-cap{color:#69727d;border:3px solid;background-color:transparent}.elementor-widget-text-editor:not(.elementor-drop-cap-view-default) .elementor-drop-cap{margin-top:8px}.elementor-widget-text-editor:not(.elementor-drop-cap-view-default) .elementor-drop-cap-letter{width:1em;height:1em}.elementor-widget-text-editor .elementor-drop-cap{float:left;text-align:center;line-height:1;font-size:50px}.elementor-widget-text-editor .elementor-drop-cap-letter{display:inline-block}<\/style>\t\t\t\t<p><strong><label id=\"gdpr-label\">Uvjeti kori\u0161tenja podataka&nbsp;<\/label><\/strong><\/p>\n<p>Stranica \u201eemaus-trogir.hr\u201d \u0107e Va\u0161e podatke koristiti isklju\u010divo kako bismo bili u kontaktu s Vama i dijelili informacije za izlete. Prema Va\u0161im osobnim podacima odnosit \u0107emo se s po\u0161tovanjem. Klikom na gumb \u201ePO\u0160ALJI PRIJAVNICU na dnu ove PRIJAVNICE, dajete nam dopu\u0161tenje za obradu Va\u0161ih podataka u skladu s navedenim uvjetima.<\/p>\t\t\t\t\t\t<\/div>\n\t\t\t\t<\/div>\n\t\t\t\t<div class=\"elementor-element elementor-element-b9b7204 elementor-widget-mobile__width-initial elementor-widget elementor-widget-text-editor\" data-id=\"b9b7204\" data-element_type=\"widget\" data-widget_type=\"text-editor.default\">\n\t\t\t\t<div class=\"elementor-widget-container\">\n\t\t\t\t\t\t\t<p>Ako ste se odlu\u010dili za\u00a0 istra\u017eivanje kulturnih i povijesnih znamenitosti ovih gradova i mjesta s nama, slobodno nam se javite popunite prijavnicu. Prijavnica je obrazac koji sadr\u017ei va\u0161e osnovne informacije i detalje o razgledu koji \u017eelite rezervirati.<\/p><p>Popunjavanje prijavnice je jednostavno. Nakon \u0161to unesete Va\u0161e osobne podatke kao \u0161to su ime, prezime, adresa e-po\u0161te i broj telefona, odaberite izlet koji vas zanima te \u017eeljeni datum i vrijeme kada bi Vam odgovarao razgled. Nakon toga odaberite broj osoba koje \u0107e se prijaviti za razgled\u00a0 te u polje Poruka\/ Napomena unesite dodatne informacije ili napomene te posebne zahtjeve koje imate.<\/p><p>Ove informacije su potrebne kako bi vas mogli kontaktirati i potvrditi va\u0161u rezervaciju.<\/p><p>Ako imate bilo kakvih pitanja ili problema prilikom popunjavanja prijavnice, slobodno nas kontaktirajte putem e-po\u0161te ili telefona. Uvijek smo Vam spremni pomo\u0107i i odgovoriti na Va\u0161a pitanja.<\/p><p>Hvala vam na interesu za na\u0161u ponudu i radujemo se Va\u0161em dolasku!<\/p>\t\t\t\t\t\t<\/div>\n\t\t\t\t<\/div>\n\t\t\t\t\t<\/div>\n\t\t<\/div>\n\t\t\t\t<div class=\"elementor-column elementor-col-25 elementor-top-column elementor-element elementor-element-88e5cd4\" data-id=\"88e5cd4\" data-element_type=\"column\">\n\t\t\t<div class=\"elementor-widget-wrap\">\n\t\t\t\t\t\t\t\t\t<\/div>\n\t\t<\/div>\n\t\t\t\t\t\t\t<\/div>\n\t\t<\/section>\n\t\t\t\t\t\t\t<\/div>\n\t\t","protected":false},"excerpt":{"rendered":"<p>PRIJAVNICA ZA RAZGLEDE Uvjeti kori\u0161tenja podataka&nbsp; Stranica \u201eemaus-trogir.hr\u201d \u0107e Va\u0161e podatke koristiti isklju\u010divo kako bismo bili u kontaktu s Vama i dijelili informacije za izlete. Prema Va\u0161im osobnim podacima odnosit \u0107emo se s po\u0161tovanjem. Klikom na gumb \u201ePO\u0160ALJI PRIJAVNICU na dnu ove PRIJAVNICE, dajete nam dopu\u0161tenje za obradu Va\u0161ih podataka u skladu s navedenim uvjetima. [&hellip;]<\/p>\n","protected":false},"author":1,"featured_media":0,"parent":0,"menu_order":0,"comment_status":"closed","ping_status":"closed","template":"elementor_header_footer","meta":{"om_disable_all_campaigns":false,"_monsterinsights_skip_tracking":false,"_monsterinsights_sitenote_active":false,"_monsterinsights_sitenote_note":"","_monsterinsights_sitenote_category":0,"footnotes":""},"class_list":["post-136","page","type-page","status-publish","hentry","entry"],"aioseo_notices":[],"_links":{"self":[{"href":"https:\/\/emaus-trogir.hr\/hrv\/wp-json\/wp\/v2\/pages\/136","targetHints":{"allow":["GET"]}}],"collection":[{"href":"https:\/\/emaus-trogir.hr\/hrv\/wp-json\/wp\/v2\/pages"}],"about":[{"href":"https:\/\/emaus-trogir.hr\/hrv\/wp-json\/wp\/v2\/types\/page"}],"author":[{"embeddable":true,"href":"https:\/\/emaus-trogir.hr\/hrv\/wp-json\/wp\/v2\/users\/1"}],"replies":[{"embeddable":true,"href":"https:\/\/emaus-trogir.hr\/hrv\/wp-json\/wp\/v2\/comments?post=136"}],"version-history":[{"count":50,"href":"https:\/\/emaus-trogir.hr\/hrv\/wp-json\/wp\/v2\/pages\/136\/revisions"}],"predecessor-version":[{"id":462,"href":"https:\/\/emaus-trogir.hr\/hrv\/wp-json\/wp\/v2\/pages\/136\/revisions\/462"}],"wp:attachment":[{"href":"https:\/\/emaus-trogir.hr\/hrv\/wp-json\/wp\/v2\/media?parent=136"}],"curies":[{"name":"wp","href":"https:\/\/api.w.org\/{rel}","templated":true}]}}